{"id":3,"date":"2025-03-24T20:24:56","date_gmt":"2025-03-25T01:24:56","guid":{"rendered":"https:\/\/dykdistribucion.com\/?page_id=3"},"modified":"2025-06-28T11:54:11","modified_gmt":"2025-06-28T16:54:11","slug":"politica-privacidad","status":"publish","type":"page","link":"https:\/\/dykdistribucion.com\/index.php\/politica-privacidad\/","title":{"rendered":"Pol\u00edtica de privacidad"},"content":{"rendered":"\n<h2 class=\"wp-block-heading\">Qui\u00e9nes somos<\/h2>\n\n\n\n<p>Nuestra direcci\u00f3n de sitio web es: https:\/\/dykdistribucion.com<\/p>\n\n\n\n<h2 class=\"wp-block-heading\">Condiciones<\/h2>\n\n\n\n<p>1. <strong>D&amp;K TENRA S.R.L., S.A.<\/strong> con domicilio en la C. 2 12, Santo Domingo Este, Rep\u00fablica Dominicana, inscrita en el Registro Mercantil de Rep\u00fablica Dominicana (en adelante, <strong>D&amp;K TENRA<\/strong>), como titular a todos los efectos de los nombres de dominio <strong>dykdistribucion.com <\/strong>y responsable de los ficheros automatizados derivados de los mismos, garantiza el \u00edntegro y pleno cumplimiento de las obligaciones dispuestas por el Art\u00edculo 44.2 de la Constituci\u00f3n dominicana, la Ley 172-13 Sobre Protecci\u00f3n de Datos de Car\u00e1cter Personal y la Ley 310-14 que regula el env\u00edo de correos electr\u00f3nicos comerciales no solicitados (SPAM).<\/p>\n\n\n\n<p>2. Esta declaraci\u00f3n tiene como finalidad informar a los usuarios de la pol\u00edtica de protecci\u00f3n de datos personales seguida por <strong>D&amp;K TENRA<\/strong>. Ser\u00e1 aplicable en caso de que los usuarios decidan rellenar alg\u00fan formulario de <strong><strong>D&amp;K<\/strong> TENRA<\/strong> donde se recaben datos de car\u00e1cter personal.<\/p>\n\n\n\n<p>3. <strong><strong>D&amp;K<\/strong> TENRA<\/strong> puede modificar esta Pol\u00edtica de Privacidad en funci\u00f3n de exigencias legislativas o de autorregulaci\u00f3n, por ello se aconseja a los usuarios que la visiten peri\u00f3dicamente.<\/p>\n\n\n\n<p>4. <strong><strong>D&amp;K<\/strong> TENRA<\/strong> tiene plena conciencia del uso y tratamiento que se debe dar a los datos personales que se puedan requerir o que se puedan obtener de los usuarios en sus p\u00e1ginas web con el fin de gestionar los servicios ofrecidos o para remitirles comunicaciones comerciales de productos o servicios que puedan resultar de su inter\u00e9s.<\/p>\n\n\n\n<p>5. <strong><strong>D&amp;K<\/strong><\/strong> <strong>TENRA<\/strong> adoptar\u00e1 las medidas de \u00edndole t\u00e9cnica y organizativa necesarias que garanticen la seguridad de los datos de car\u00e1cter personal y eviten as\u00ed su alteraci\u00f3n, p\u00e9rdida, tratamiento o acceso no autorizado, habida cuenta del estado de la tecnolog\u00eda. Otorgamos la m\u00e1xima importancia a la seguridad y confidencialidad de la informaci\u00f3n proporcionada, y tomamos medidas para proteger la informaci\u00f3n personal de nuestros usuarios, incluyendo el uso de tecnolog\u00edas de seguridad y el acceso restringido a la informaci\u00f3n. Sin embargo, <strong><strong><strong>D&amp;K<\/strong><\/strong> TENRA<\/strong> no puede garantizar la absoluta inexpugnabilidad de la red Internet y por tanto la violaci\u00f3n de los datos mediante accesos fraudulentos a ellos por parte de terceros.<\/p>\n\n\n\n<p>6. Parte de los servicios que <strong><strong><strong>D&amp;K<\/strong><\/strong> TENRA<\/strong> ofrece a sus usuarios utilizan cookies. La cookie es un peque\u00f1o archivo de texto que el servidor puede guardar en el disco duro de un equipo para almacenar alg\u00fan tipo de informaci\u00f3n sobre el usuario. La cookie solo puede ser le\u00edda por el sitio web que lo envi\u00f3 al equipo. No es un archivo ejecutable ni puede propagar ni contener un virus. <strong><strong><strong>D&amp;K<\/strong><\/strong> TENRA<\/strong> utiliza estos datos con el fin \u00faltimo de mejorar sus servicios. La informaci\u00f3n que <strong><strong><strong>D&amp;K<\/strong><\/strong> TENRA<\/strong> almacena mediante este mecanismo permite reconocer al usuario en sus diferentes visitas al sitio web. El usuario puede configurar su navegador para aceptar o rechazar las cookies, sin embargo, <strong><strong><strong>D&amp;K<\/strong><\/strong> TENRA<\/strong> le aconseja y agradece que active la aceptaci\u00f3n de cookies para poder obtener datos m\u00e1s precisos que permiten mejorar el contenido y adaptarlo a las preferencias del usuario. <strong><strong><strong>D&amp;K<\/strong><\/strong> TENRA<\/strong> no se responsabiliza de que la desactivaci\u00f3n de las cookies impida el buen funcionamiento de la p\u00e1gina.<\/p>\n\n\n\n<p>7. Al utilizar nuestra p\u00e1gina web, los usuarios otorgan su consentimiento para la recopilaci\u00f3n y el uso de su informaci\u00f3n personal seg\u00fan lo establecido en esta pol\u00edtica de privacidad y la Ley No. 172-13 sobre Protecci\u00f3n de Datos de Car\u00e1cter Personal.<\/p>\n\n\n\n<p>8. Los usuarios responder\u00e1n, en cualquier caso, de la veracidad de los datos facilitados y se hacen responsables de comunicar a <strong><strong><strong>D&amp;K<\/strong><\/strong> TENRA<\/strong> cualquier modificaci\u00f3n en los mismos, quedando <strong><strong><strong>D&amp;K<\/strong><\/strong> TENRA<\/strong> exento de cualquier tipo de responsabilidad a este respecto.<\/p>\n\n\n\n<p>9. Los usuarios tienen reconocidos y podr\u00e1n ejercitar los derechos de acceso, cancelaci\u00f3n, rectificaci\u00f3n y oposici\u00f3n, mediante comunicaci\u00f3n escrita a las direcciones indicadas en cada caso o a la direcci\u00f3n indicada en el punto 1, identific\u00e1ndose y concretando su solicitud. En su caso, deber\u00e1n aportar fotocopia de su C\u00e9dula de Identidad o documento equivalente.<\/p>\n","protected":false},"excerpt":{"rendered":"<p>Qui\u00e9nes somos Nuestra direcci\u00f3n de sitio web es: https:\/\/dykdistribucion.com Condiciones 1. D&amp;K TENRA S.R.L., S.A. con domicilio en la C. 2 12, Santo Domingo Este, Rep\u00fablica Dominicana, inscrita en el Registro Mercantil de Rep\u00fablica Dominicana (en adelante, D&amp;K TENRA), como titular a todos los efectos de los nombres de dominio dykdistribucion.com y responsable de los [&hellip;]<\/p>\n","protected":false},"author":1,"featured_media":0,"parent":0,"menu_order":0,"comment_status":"closed","ping_status":"open","template":"","meta":{"_themeisle_gutenberg_block_has_review":false,"_joinchat":[],"footnotes":""},"class_list":["post-3","page","type-page","status-publish","hentry"],"yoast_head":"<!-- This site is optimized with the Yoast SEO plugin v25.4 - https:\/\/yoast.com\/wordpress\/plugins\/seo\/ -->\n<title>Pol\u00edtica de privacidad - D&amp;K TENRA SRL<\/title>\n<meta name=\"description\" content=\"Pol\u00edtica de privacidad D&amp;K TENRA Privacy Policy\" \/>\n<meta name=\"robots\" content=\"index, follow, max-snippet:-1, max-image-preview:large, max-video-preview:-1\" \/>\n<link rel=\"canonical\" href=\"https:\/\/dykdistribucion.com\/index.php\/politica-privacidad\/\" \/>\n<meta property=\"og:locale\" content=\"es_ES\" \/>\n<meta property=\"og:type\" content=\"article\" \/>\n<meta property=\"og:title\" content=\"Pol\u00edtica de privacidad - D&amp;K TENRA SRL\" \/>\n<meta property=\"og:description\" content=\"Pol\u00edtica de privacidad D&amp;K TENRA Privacy Policy\" \/>\n<meta property=\"og:url\" content=\"https:\/\/dykdistribucion.com\/index.php\/politica-privacidad\/\" \/>\n<meta property=\"og:site_name\" content=\"D&amp;K TENRA SRL\" \/>\n<meta property=\"article:modified_time\" content=\"2025-06-28T16:54:11+00:00\" \/>\n<meta name=\"twitter:card\" content=\"summary_large_image\" \/>\n<meta name=\"twitter:label1\" content=\"Est. reading time\" \/>\n\t<meta name=\"twitter:data1\" content=\"3 minutos\" \/>\n<script type=\"application\/ld+json\" class=\"yoast-schema-graph\">{\"@context\":\"https:\/\/schema.org\",\"@graph\":[{\"@type\":\"WebPage\",\"@id\":\"https:\/\/dykdistribucion.com\/index.php\/politica-privacidad\/\",\"url\":\"https:\/\/dykdistribucion.com\/index.php\/politica-privacidad\/\",\"name\":\"Pol\u00edtica de privacidad - D&amp;K TENRA SRL\",\"isPartOf\":{\"@id\":\"https:\/\/dykdistribucion.com\/#website\"},\"datePublished\":\"2025-03-25T01:24:56+00:00\",\"dateModified\":\"2025-06-28T16:54:11+00:00\",\"description\":\"Pol\u00edtica de privacidad D&K TENRA Privacy Policy\",\"breadcrumb\":{\"@id\":\"https:\/\/dykdistribucion.com\/index.php\/politica-privacidad\/#breadcrumb\"},\"inLanguage\":\"es-DO\",\"potentialAction\":[{\"@type\":\"ReadAction\",\"target\":[\"https:\/\/dykdistribucion.com\/index.php\/politica-privacidad\/\"]}]},{\"@type\":\"BreadcrumbList\",\"@id\":\"https:\/\/dykdistribucion.com\/index.php\/politica-privacidad\/#breadcrumb\",\"itemListElement\":[{\"@type\":\"ListItem\",\"position\":1,\"name\":\"Home\",\"item\":\"https:\/\/dykdistribucion.com\/\"},{\"@type\":\"ListItem\",\"position\":2,\"name\":\"Pol\u00edtica de privacidad\"}]},{\"@type\":\"WebSite\",\"@id\":\"https:\/\/dykdistribucion.com\/#website\",\"url\":\"https:\/\/dykdistribucion.com\/\",\"name\":\"D&K TENRA SRL\",\"description\":\"Distribuci\u00f3n en Rep\u00fablica Dominicana\",\"publisher\":{\"@id\":\"https:\/\/dykdistribucion.com\/#organization\"},\"potentialAction\":[{\"@type\":\"SearchAction\",\"target\":{\"@type\":\"EntryPoint\",\"urlTemplate\":\"https:\/\/dykdistribucion.com\/?s={search_term_string}\"},\"query-input\":{\"@type\":\"PropertyValueSpecification\",\"valueRequired\":true,\"valueName\":\"search_term_string\"}}],\"inLanguage\":\"es-DO\"},{\"@type\":\"Organization\",\"@id\":\"https:\/\/dykdistribucion.com\/#organization\",\"name\":\"D&K TENRA SRL\",\"url\":\"https:\/\/dykdistribucion.com\/\",\"logo\":{\"@type\":\"ImageObject\",\"inLanguage\":\"es-DO\",\"@id\":\"https:\/\/dykdistribucion.com\/#\/schema\/logo\/image\/\",\"url\":\"https:\/\/dykdistribucion.com\/wp-content\/uploads\/2025\/03\/logodyk150.png\",\"contentUrl\":\"https:\/\/dykdistribucion.com\/wp-content\/uploads\/2025\/03\/logodyk150.png\",\"width\":1103,\"height\":208,\"caption\":\"D&K TENRA SRL\"},\"image\":{\"@id\":\"https:\/\/dykdistribucion.com\/#\/schema\/logo\/image\/\"}}]}<\/script>\n<!-- \/ Yoast SEO plugin. -->","yoast_head_json":{"title":"Pol\u00edtica de privacidad - D&amp;K TENRA SRL","description":"Pol\u00edtica de privacidad D&K TENRA Privacy Policy","robots":{"index":"index","follow":"follow","max-snippet":"max-snippet:-1","max-image-preview":"max-image-preview:large","max-video-preview":"max-video-preview:-1"},"canonical":"https:\/\/dykdistribucion.com\/index.php\/politica-privacidad\/","og_locale":"es_ES","og_type":"article","og_title":"Pol\u00edtica de privacidad - D&amp;K TENRA SRL","og_description":"Pol\u00edtica de privacidad D&K TENRA Privacy Policy","og_url":"https:\/\/dykdistribucion.com\/index.php\/politica-privacidad\/","og_site_name":"D&amp;K TENRA SRL","article_modified_time":"2025-06-28T16:54:11+00:00","twitter_card":"summary_large_image","twitter_misc":{"Est. reading time":"3 minutos"},"schema":{"@context":"https:\/\/schema.org","@graph":[{"@type":"WebPage","@id":"https:\/\/dykdistribucion.com\/index.php\/politica-privacidad\/","url":"https:\/\/dykdistribucion.com\/index.php\/politica-privacidad\/","name":"Pol\u00edtica de privacidad - D&amp;K TENRA SRL","isPartOf":{"@id":"https:\/\/dykdistribucion.com\/#website"},"datePublished":"2025-03-25T01:24:56+00:00","dateModified":"2025-06-28T16:54:11+00:00","description":"Pol\u00edtica de privacidad D&K TENRA Privacy Policy","breadcrumb":{"@id":"https:\/\/dykdistribucion.com\/index.php\/politica-privacidad\/#breadcrumb"},"inLanguage":"es-DO","potentialAction":[{"@type":"ReadAction","target":["https:\/\/dykdistribucion.com\/index.php\/politica-privacidad\/"]}]},{"@type":"BreadcrumbList","@id":"https:\/\/dykdistribucion.com\/index.php\/politica-privacidad\/#breadcrumb","itemListElement":[{"@type":"ListItem","position":1,"name":"Home","item":"https:\/\/dykdistribucion.com\/"},{"@type":"ListItem","position":2,"name":"Pol\u00edtica de privacidad"}]},{"@type":"WebSite","@id":"https:\/\/dykdistribucion.com\/#website","url":"https:\/\/dykdistribucion.com\/","name":"D&K TENRA SRL","description":"Distribuci\u00f3n en Rep\u00fablica Dominicana","publisher":{"@id":"https:\/\/dykdistribucion.com\/#organization"},"potentialAction":[{"@type":"SearchAction","target":{"@type":"EntryPoint","urlTemplate":"https:\/\/dykdistribucion.com\/?s={search_term_string}"},"query-input":{"@type":"PropertyValueSpecification","valueRequired":true,"valueName":"search_term_string"}}],"inLanguage":"es-DO"},{"@type":"Organization","@id":"https:\/\/dykdistribucion.com\/#organization","name":"D&K TENRA SRL","url":"https:\/\/dykdistribucion.com\/","logo":{"@type":"ImageObject","inLanguage":"es-DO","@id":"https:\/\/dykdistribucion.com\/#\/schema\/logo\/image\/","url":"https:\/\/dykdistribucion.com\/wp-content\/uploads\/2025\/03\/logodyk150.png","contentUrl":"https:\/\/dykdistribucion.com\/wp-content\/uploads\/2025\/03\/logodyk150.png","width":1103,"height":208,"caption":"D&K TENRA SRL"},"image":{"@id":"https:\/\/dykdistribucion.com\/#\/schema\/logo\/image\/"}}]}},"_links":{"self":[{"href":"https:\/\/dykdistribucion.com\/index.php\/wp-json\/wp\/v2\/pages\/3","targetHints":{"allow":["GET"]}}],"collection":[{"href":"https:\/\/dykdistribucion.com\/index.php\/wp-json\/wp\/v2\/pages"}],"about":[{"href":"https:\/\/dykdistribucion.com\/index.php\/wp-json\/wp\/v2\/types\/page"}],"author":[{"embeddable":true,"href":"https:\/\/dykdistribucion.com\/index.php\/wp-json\/wp\/v2\/users\/1"}],"replies":[{"embeddable":true,"href":"https:\/\/dykdistribucion.com\/index.php\/wp-json\/wp\/v2\/comments?post=3"}],"version-history":[{"count":0,"href":"https:\/\/dykdistribucion.com\/index.php\/wp-json\/wp\/v2\/pages\/3\/revisions"}],"wp:attachment":[{"href":"https:\/\/dykdistribucion.com\/index.php\/wp-json\/wp\/v2\/media?parent=3"}],"curies":[{"name":"wp","href":"https:\/\/api.w.org\/{rel}","templated":true}]}}